{"id":994,"date":"2023-10-03T12:39:08","date_gmt":"2023-10-03T12:39:08","guid":{"rendered":"https:\/\/dev.mineola.ro\/?page_id=994"},"modified":"2023-10-05T18:05:04","modified_gmt":"2023-10-05T18:05:04","slug":"termeni-si-conditii","status":"publish","type":"page","link":"https:\/\/scancode.ro\/en\/termeni-si-conditii\/","title":{"rendered":"Termeni \u0219i condi\u021bii"},"content":{"rendered":"\n<p><strong>TERMENI \u0218I CONDI\u021aII<\/strong><\/p>\n\n\n\n<p>Bine a\u021bi venit pe website-ul <a href=\"http:\/\/www.scancode.ro\/\">www.scancode.ro<\/a> (denumit \u00een continuare &#8222;Website-ul&#8221;). V\u0103 rug\u0103m s\u0103 citi\u021bi cu aten\u021bie ace\u0219ti Termeni \u0219i Condi\u021bii (denumiti \u00een continuare &#8222;Termeni&#8221;) \u00eenainte de a utiliza Website-ul. Prin accesarea \u0219i utilizarea acestui Website, sunte\u021bi de acord cu to\u021bi Termenii \u0219i condi\u021biile prezentate mai jos. Dac\u0103 nu sunte\u021bi de acord cu ace\u0219ti Termeni, v\u0103 rug\u0103m s\u0103 nu utiliza\u021bi Website-ul.<\/p>\n\n\n\n<p><strong>1. Utilizarea Website-ului<\/strong><\/p>\n\n\n\n<p>1.1. Accesul la Website este permis \u00een scopuri personale \u0219i non-comerciale. Nu sunte\u021bi autoriza\u021bi s\u0103 folosi\u021bi Website-ul \u00een orice alt mod care ar putea afecta negativ interesele noastre.<\/p>\n\n\n\n<p>1.2. Nu sunte\u021bi autoriza\u021bi s\u0103 utiliza\u021bi sau s\u0103 exploata\u021bi \u00een mod abuziv resursele sau informa\u021biile disponibile pe Website.<\/p>\n\n\n\n<p>1.3. Sunte\u021bi responsabil pentru orice informa\u021bii furnizate pe Website \u0219i v\u0103 angaja\u021bi s\u0103 furniza\u021bi date corecte \u0219i actualizate.<\/p>\n\n\n\n<p><strong>2. Confiden\u021bialitate \u0219i Date Personale<\/strong><\/p>\n\n\n\n<p>2.1. Colectarea \u0219i prelucrarea datelor personale sunt guvernate de Politica de Confiden\u021bialitate a Website-ului, disponibil\u0103 [<a href=\"https:\/\/scancode.ro\/termeni-si-conditii\/\" data-type=\"link\" data-id=\"https:\/\/dev.mineola.ro\/termeni-si-conditii\/\">aici<\/a>].<\/p>\n\n\n\n<p><strong>3. Drepturi de Autor \u0219i Proprietate Intelectual\u0103<\/strong><\/p>\n\n\n\n<p>3.1. Toate con\u021binuturile, textele, imaginile, graficele \u0219i alte elemente de pe Website sunt protejate de drepturi de autor \u0219i sunt proprietatea noastr\u0103 sau a ter\u021bilor licen\u021biatori. Utilizarea lor neautorizat\u0103 este interzis\u0103.<\/p>\n\n\n\n<p><strong>4. Limitarea Responsabilit\u0103\u021bii<\/strong><\/p>\n\n\n\n<p>4.1. Website-ul este furnizat &#8222;a\u0219a cum este&#8221; \u0219i nu ne asum\u0103m nicio responsabilitate pentru orice pierderi sau daune suferite \u00een urma utiliz\u0103rii sau imposibilit\u0103\u021bii utiliz\u0103rii acestuia.<\/p>\n\n\n\n<p>4.2. Nu suntem responsabili pentru con\u021binutul sau serviciile oferite de ter\u021be p\u0103r\u021bi la care pute\u021bi accesa prin link-uri disponibile pe Website.<\/p>\n\n\n\n<p><strong>5. Modific\u0103ri \u0219i Actualiz\u0103ri<\/strong><\/p>\n\n\n\n<p>5.1. Ne rezerv\u0103m dreptul de a modifica sau actualiza ace\u0219ti Termeni \u00een orice moment, f\u0103r\u0103 notificare prealabil\u0103. Este responsabilitatea dvs. s\u0103 verifica\u021bi periodic Termenii pentru orice modific\u0103ri.<\/p>\n\n\n\n<p><strong>6. Legisla\u021bie \u0219i Jurisdic\u021bie<\/strong><\/p>\n\n\n\n<p>6.1. Ace\u0219ti Termeni sunt guverna\u021bi de legisla\u021bia din Rom\u00e2nia, iar orice dispute vor fi supuse jurisdic\u021biei instan\u021belor rom\u00e2ne.<\/p>\n\n\n\n<p><strong>7. Contact<\/strong><\/p>\n\n\n\n<p>7.1. Pentru orice \u00eentreb\u0103ri sau comentarii cu privire la ace\u0219ti Termeni \u0219i Condi\u021bii, v\u0103 rug\u0103m s\u0103 ne contacta\u021bi la adresa de e-mail [adresa de e-mail de contact].<\/p>\n\n\n\n<p>Prin utilizarea Website-ului, v\u0103 angaja\u021bi s\u0103 respecta\u021bi ace\u0219ti Termeni \u0219i Condi\u021bii. V\u0103 mul\u021bumim pentru vizita dumneavoastr\u0103 pe <a href=\"http:\/\/www.scancode.ro\/\">www.scancode.ro<\/a>.<\/p>\n","protected":false},"excerpt":{"rendered":"<p>TERMENI \u0218I CONDI\u021aII Bine a\u021bi venit pe website-ul www.scancode.ro (denumit \u00een continuare &#8222;Website-ul&#8221;). V\u0103 rug\u0103m s\u0103 citi\u021bi cu aten\u021bie ace\u0219ti Termeni \u0219i Condi\u021bii (denumiti \u00een continuare &#8222;Termeni&#8221;) \u00eenainte de a utiliza Website-ul. Prin accesarea \u0219i utilizarea acestui Website, sunte\u021bi de acord cu to\u021bi Termenii \u0219i condi\u021biile prezentate mai jos. Dac\u0103 nu sunte\u021bi de acord cu [&#8230;]\n","protected":false},"author":1,"featured_media":0,"parent":0,"menu_order":0,"comment_status":"closed","ping_status":"closed","template":"","meta":{"footnotes":""},"class_list":["post-994","page","type-page","status-publish","hentry"],"_links":{"self":[{"href":"https:\/\/scancode.ro\/en\/wp-json\/wp\/v2\/pages\/994","targetHints":{"allow":["GET"]}}],"collection":[{"href":"https:\/\/scancode.ro\/en\/wp-json\/wp\/v2\/pages"}],"about":[{"href":"https:\/\/scancode.ro\/en\/wp-json\/wp\/v2\/types\/page"}],"author":[{"embeddable":true,"href":"https:\/\/scancode.ro\/en\/wp-json\/wp\/v2\/users\/1"}],"replies":[{"embeddable":true,"href":"https:\/\/scancode.ro\/en\/wp-json\/wp\/v2\/comments?post=994"}],"version-history":[{"count":3,"href":"https:\/\/scancode.ro\/en\/wp-json\/wp\/v2\/pages\/994\/revisions"}],"predecessor-version":[{"id":1069,"href":"https:\/\/scancode.ro\/en\/wp-json\/wp\/v2\/pages\/994\/revisions\/1069"}],"wp:attachment":[{"href":"https:\/\/scancode.ro\/en\/wp-json\/wp\/v2\/media?parent=994"}],"curies":[{"name":"wp","href":"https:\/\/api.w.org\/{rel}","templated":true}]}}