{"id":138,"date":"2023-03-23T13:55:34","date_gmt":"2023-03-23T13:55:34","guid":{"rendered":"https:\/\/dev.mineola.ro\/?page_id=138"},"modified":"2023-10-05T18:23:23","modified_gmt":"2023-10-05T18:23:23","slug":"handeld-scanners","status":"publish","type":"page","link":"https:\/\/scancode.ro\/en\/handeld-scanners\/","title":{"rendered":"Handeld Scanners"},"content":{"rendered":"<section class=\"section dark\" id=\"section_1436433254\">\n\t\t<div class=\"section-bg fill\" >\n\t\t\t\t\t\t\t\t\t\n\t\t\t\n\n\t\t<\/div>\n\n\t\t\n\n\t\t<div class=\"section-content relative\">\n\t\t\t\n\n<div class=\"row row-collapse row-full-width\"  id=\"row-1241395475\">\n\n\n\t<div id=\"col-1239319161\" class=\"col small-12 large-12\"  >\n\t\t\t\t<div class=\"col-inner\" style=\"background-color:rgba(0, 0, 0, 0.076);\" >\n\t\t\t\n\t\t\t\n\n<div class=\"row row-collapse row-full-width align-middle\"  id=\"row-1823915412\">\n\n\n\t<div id=\"col-129222151\" class=\"col medium-7 small-12 large-5\"  >\n\t\t\t\t<div class=\"col-inner dark\"  >\n\t\t\t\n\t\t\t\n\n\t<div id=\"text-2526579891\" class=\"text\">\n\t\t\n\n<h2>HANDHELD SCANNERS<\/h2>\n\t\t\n<style>\n#text-2526579891 {\n  font-size: 1.85rem;\n  color: rgb(0,0,0);\n}\n#text-2526579891 > * {\n  color: rgb(0,0,0);\n}\n@media (min-width:550px) {\n  #text-2526579891 {\n    font-size: 1.75rem;\n  }\n}\n<\/style>\n\t<\/div>\n\t\n\t<div id=\"text-1206877255\" class=\"text\">\n\t\t\n\n<p>Datalogic\u2019s Handheld Scanner product line offers products and solutions for automatic data capture and factory automation throughout the customer\u2019s entire value chain in the Retail, Manufacturing, Transportation &amp; Logistics and Healthcare industries.<\/p>\n\t\t\n<style>\n#text-1206877255 {\n  color: rgb(0, 0, 0);\n}\n#text-1206877255 > * {\n  color: rgb(0, 0, 0);\n}\n<\/style>\n\t<\/div>\n\t\n\n\t\t<\/div>\n\t\t\t\t\n<style>\n#col-129222151 > .col-inner {\n  padding: 20% 10px 30px 3%;\n}\n@media (min-width:550px) {\n  #col-129222151 > .col-inner {\n    padding: 0px 0px 0px 3%;\n  }\n}\n@media (min-width:850px) {\n  #col-129222151 > .col-inner {\n    padding: 0px 10% 0px 15%;\n  }\n}\n<\/style>\n\t<\/div>\n\n\t\n\n\t<div id=\"col-1215313834\" class=\"col medium-5 small-12 large-7\"  >\n\t\t\t\t<div class=\"col-inner\"  >\n\t\t\t\n\t\t\t\n\n\n  <div class=\"banner has-hover\" id=\"banner-1974763976\">\n          <div class=\"banner-inner fill\">\n        <div class=\"banner-bg fill\" >\n            <img loading=\"lazy\" decoding=\"async\" width=\"900\" height=\"635\" src=\"https:\/\/scancode.ro\/wp-content\/uploads\/2023\/05\/PLA-PD9600-WAREHOUSE-1-HR-low.jpg\" class=\"bg attachment-original size-original\" alt=\"\" \/>                                    \n                    <\/div>\n\t\t\n        <div class=\"banner-layers container\">\n            <div class=\"fill banner-link\"><\/div>            \n\n\n        <\/div>\n      <\/div>\n\n            \n<style>\n#banner-1974763976 {\n  padding-top: 350px;\n  background-color: rgba(255, 255, 255, 0);\n}\n#banner-1974763976 .banner-bg img {\n  object-position: 47% 47%;\n}\n@media (min-width:550px) {\n  #banner-1974763976 {\n    padding-top: 650px;\n  }\n}\n@media (min-width:850px) {\n  #banner-1974763976 {\n    padding-top: 500px;\n  }\n}\n<\/style>\n  <\/div>\n\n\n\n\t\t<\/div>\n\t\t\t\t\t<\/div>\n\n\t\n\n<\/div>\n\n\t\t<\/div>\n\t\t\t\t\t<\/div>\n\n\t\n\n<\/div>\n\n\t\t<\/div>\n\n\t\t\n<style>\n#section_1436433254 {\n  padding-top: 0px;\n  padding-bottom: 0px;\n  background-color: rgba(0, 0, 0, 0.076);\n}\n@media (min-width:550px) {\n  #section_1436433254 {\n    padding-top: 40px;\n    padding-bottom: 40px;\n  }\n}\n@media (min-width:850px) {\n  #section_1436433254 {\n    padding-top: 0px;\n    padding-bottom: 0px;\n  }\n}\n<\/style>\n\t<\/section>\n\t\n\t<div id=\"gap-1232956512\" class=\"gap-element clearfix\" style=\"display:block; height:auto;\">\n\t\t\n<style>\n#gap-1232956512 {\n  padding-top: 10px;\n}\n@media (min-width:550px) {\n  #gap-1232956512 {\n    padding-top: 30px;\n  }\n}\n<\/style>\n\t<\/div>\n\t\n\n\n\t<section class=\"section\" id=\"section_266811233\">\n\t\t<div class=\"section-bg fill\" >\n\t\t\t\t\t\t\t\t\t\n\t\t\t\n\n\t\t<\/div>\n\n\t\t\n\n\t\t<div class=\"section-content relative\">\n\t\t\t\n\n<div class=\"row\"  id=\"row-1896345486\">\n\n\n\t<div id=\"col-713204484\" class=\"col small-12 large-12\"  >\n\t\t\t\t<div class=\"col-inner\"  >\n\t\t\t\n\t\t\t\n\n\t<div id=\"text-2346021990\" class=\"text\">\n\t\t\n\n<p>The wide range of general purpose handheld readers offer a variety of choices for most data collection activities. Product sets propose corded and cordless options together with best in class reading technologies, ready to solve current and future needs and applications. Datalogic\u2019s PowerScan industrial handheld readers are data collection\u2019s definitive example of ruggedness and durability, coupled with outstanding performance and unyielding reliability.<\/p>\n\t\t\n<style>\n#text-2346021990 {\n  text-align: center;\n}\n<\/style>\n\t<\/div>\n\t\n<div class=\"text-center\"><div class=\"is-divider divider clearfix\" style=\"max-width:100px;background-color:rgb(206, 12, 23);\"><\/div><\/div>\n\n\n\t\t<\/div>\n\t\t\t\t\n<style>\n#col-713204484 > .col-inner {\n  margin: 0px 0px -60px 0px;\n}\n<\/style>\n\t<\/div>\n\n\t\n\n<\/div>\n\n\t\t<\/div>\n\n\t\t\n<style>\n#section_266811233 {\n  padding-top: 30px;\n  padding-bottom: 30px;\n}\n<\/style>\n\t<\/section>\n\t\n<div class=\"row align-center\"  id=\"row-1336834084\">\n\n\n\t<div id=\"col-698991988\" class=\"col medium-10 small-12 large-6\"  >\n\t\t\t\t<div class=\"col-inner\"  >\n\t\t\t\n\t\t\t\n\n<div class=\"row\"  id=\"row-613258747\">\n\n\n\t<div id=\"col-1527921036\" class=\"col medium-8 small-7 large-8\"  >\n\t\t\t\t<div class=\"col-inner text-left\"  >\n\t\t\t\n\t\t\t\n\n<h1>QuickScan 2500 Series<\/h1>\n<p>Superior performance, affordably<\/p>\n<div>\u00a0<\/div>\n\n\t\t<\/div>\n\t\t\t\t\n<style>\n#col-1527921036 > .col-inner {\n  margin: 0px 0px -30px 0px;\n}\n<\/style>\n\t<\/div>\n\n\t\n\n\t<div id=\"col-591701150\" class=\"col medium-4 small-5 large-4\"  >\n\t\t\t\t<div class=\"col-inner\"  >\n\t\t\t\n\t\t\t\n\n\t<div class=\"img has-hover x md-x lg-x y md-y lg-y\" id=\"image_524602333\">\n\t\t\t\t\t\t\t\t<div class=\"img-inner dark\" >\n\t\t\t<img loading=\"lazy\" decoding=\"async\" width=\"300\" height=\"300\" src=\"https:\/\/scancode.ro\/wp-content\/uploads\/2023\/03\/QS2500Series-1-300x300.png\" class=\"attachment-medium size-medium\" alt=\"\" srcset=\"https:\/\/scancode.ro\/wp-content\/uploads\/2023\/03\/QS2500Series-1-300x300.png 300w, https:\/\/scancode.ro\/wp-content\/uploads\/2023\/03\/QS2500Series-1-150x150.png 150w, https:\/\/scancode.ro\/wp-content\/uploads\/2023\/03\/QS2500Series-1-600x600.png 600w, https:\/\/scancode.ro\/wp-content\/uploads\/2023\/03\/QS2500Series-1-100x100.png 100w, https:\/\/scancode.ro\/wp-content\/uploads\/2023\/03\/QS2500Series-1.png 700w\" sizes=\"auto, (max-width: 300px) 100vw, 300px\" \/>\t\t\t\t\t\t\n\t\t\t\t\t<\/div>\n\t\t\t\t\t\t\t\t\n<style>\n#image_524602333 {\n  width: 100%;\n}\n<\/style>\n\t<\/div>\n\t\n\n\n\t\t<\/div>\n\t\t\t\t\n<style>\n#col-591701150 > .col-inner {\n  margin: 0px 0px -30px 0px;\n}\n<\/style>\n\t<\/div>\n\n\t\n\n<\/div>\n<div class=\"accordion\">\n\n\t<div id=\"accordion-2574703203\" class=\"accordion-item\">\n\t\t<a id=\"accordion-2574703203-label\" class=\"accordion-title plain\" href=\"#accordion-item-vezi-detalii\" aria-expanded=\"false\" aria-controls=\"accordion-2574703203-content\">\n\t\t\t<button class=\"toggle\" aria-label=\"Toggle\"><i class=\"icon-angle-down\" aria-hidden=\"true\"><\/i><\/button>\n\t\t\t<span>more details<\/span>\n\t\t<\/a>\n\t\t<div id=\"accordion-2574703203-content\" class=\"accordion-inner\" aria-labelledby=\"accordion-2574703203-label\">\n\t\t\t\n\n<p>The QuickScan 2500 2D imager is your trusted companion at the POS check-out. It knows very well the importance of prompt readings, whatever the barcode, regardless of whether it\u2019s hard-to-read, poorly printed or damaged, and it easily scans mobile devices and through plexiglass barriers, all at an incredibly affordable price.<\/p>\n<p>\u00a0<\/p>\n<div class=\"video video-fit mb\" style=\"padding-top:60%;\"><iframe loading=\"lazy\" title=\"QuickScan\u2122 QM\/QBT2500 Cordless models | Superior performance, affordably\" width=\"1020\" height=\"574\" src=\"https:\/\/www.youtube.com\/embed\/mWYjNNzQEbk?feature=oembed\" frameborder=\"0\" allow=\"accelerometer; autoplay; clipboard-write; encrypted-media; gyroscope; picture-in-picture; web-share\" allowfullscreen><\/iframe><\/div>\n\n\t<div id=\"stack-3088299397\" class=\"stack stack-row justify-start items-stretch\">\n\t\t\n\n<a href=\"https:\/\/scancode.ro\/wp-content\/uploads\/2023\/09\/DS-QUICKSCAN-2500-SERIES-EN-HR.pdf\" target=\"_blank\" class=\"button secondary is-outline\" rel=\"noopener\" >\n\t\t<span>download brochure<\/span>\n\t<\/a>\n\n\n<a href=\"https:\/\/scancode.ro\/en\/contact\/\" class=\"button secondary is-outline\" >\n\t\t<span>get a quote<\/span>\n\t<\/a>\n\n\n\n\t\t\n<style>\n#stack-3088299397 > * {\n  --stack-gap: 1rem;\n}\n<\/style>\n\t<\/div>\n\t\n\n\t\t<\/div>\n\t<\/div>\n\t\n\n<\/div>\n\n\t\t<\/div>\n\t\t\t\t\t<\/div>\n\n\t\n\n\t<div id=\"col-1024571718\" class=\"col medium-10 small-12 large-6\"  >\n\t\t\t\t<div class=\"col-inner\"  >\n\t\t\t\n\t\t\t\n\n<div class=\"row\"  id=\"row-1179541960\">\n\n\n\t<div id=\"col-1505790352\" class=\"col medium-8 small-7 large-8\"  >\n\t\t\t\t<div class=\"col-inner text-left\"  >\n\t\t\t\n\t\t\t\n\n<h1>PowerScan 9600 Series<\/h1>\n<p>When top flexibility meets extreme reliability.<\/p>\n\n\t\t<\/div>\n\t\t\t\t\n<style>\n#col-1505790352 > .col-inner {\n  margin: 0px 0px -30px 0px;\n}\n<\/style>\n\t<\/div>\n\n\t\n\n\t<div id=\"col-750344428\" class=\"col medium-4 small-5 large-4\"  >\n\t\t\t\t<div class=\"col-inner\"  >\n\t\t\t\n\t\t\t\n\n\t<div class=\"img has-hover x md-x lg-x y md-y lg-y\" id=\"image_221794805\">\n\t\t\t\t\t\t\t\t<div class=\"img-inner dark\" >\n\t\t\t<img loading=\"lazy\" decoding=\"async\" width=\"300\" height=\"300\" src=\"https:\/\/scancode.ro\/wp-content\/uploads\/2023\/03\/PowerScan9600Series-300x300.png\" class=\"attachment-medium size-medium\" alt=\"\" srcset=\"https:\/\/scancode.ro\/wp-content\/uploads\/2023\/03\/PowerScan9600Series-300x300.png 300w, https:\/\/scancode.ro\/wp-content\/uploads\/2023\/03\/PowerScan9600Series-150x150.png 150w, https:\/\/scancode.ro\/wp-content\/uploads\/2023\/03\/PowerScan9600Series-600x600.png 600w, https:\/\/scancode.ro\/wp-content\/uploads\/2023\/03\/PowerScan9600Series-100x100.png 100w, https:\/\/scancode.ro\/wp-content\/uploads\/2023\/03\/PowerScan9600Series.png 700w\" sizes=\"auto, (max-width: 300px) 100vw, 300px\" \/>\t\t\t\t\t\t\n\t\t\t\t\t<\/div>\n\t\t\t\t\t\t\t\t\n<style>\n#image_221794805 {\n  width: 100%;\n}\n<\/style>\n\t<\/div>\n\t\n\n\n\t\t<\/div>\n\t\t\t\t\n<style>\n#col-750344428 > .col-inner {\n  margin: 0px 0px -30px 0px;\n}\n<\/style>\n\t<\/div>\n\n\t\n\n<\/div>\n<div class=\"accordion\">\n\n\t<div id=\"accordion-3001226844\" class=\"accordion-item\">\n\t\t<a id=\"accordion-3001226844-label\" class=\"accordion-title plain\" href=\"#accordion-item-vezi-detalii\" aria-expanded=\"false\" aria-controls=\"accordion-3001226844-content\">\n\t\t\t<button class=\"toggle\" aria-label=\"Toggle\"><i class=\"icon-angle-down\" aria-hidden=\"true\"><\/i><\/button>\n\t\t\t<span>more details<\/span>\n\t\t<\/a>\n\t\t<div id=\"accordion-3001226844-content\" class=\"accordion-inner\" aria-labelledby=\"accordion-3001226844-label\">\n\t\t\t\n\n<p>The PowerScan family of bar code readers are the ultimate industrial handheld scanners designed and constructed to withstand the toughest environmental conditions. The PowerScan 9600 imagers have an ultra-rugged design, an ergonomic shape with well-balanced weight to reduce operator stress during daily activities and an intuitive aiming system, allowing the highest first-pass reading rate while reducing unnatural wrist movement.<\/p>\n<div class=\"video video-fit mb\" style=\"padding-top:56.25%;\"><p><iframe loading=\"lazy\" title=\"PowerScan\u2122 9600 Series - When top flexibility meets extreme reliability\" width=\"1020\" height=\"574\" src=\"https:\/\/www.youtube.com\/embed\/OHKoHXkGmVA?feature=oembed\" frameborder=\"0\" allow=\"accelerometer; autoplay; clipboard-write; encrypted-media; gyroscope; picture-in-picture; web-share\" allowfullscreen><\/iframe><\/p>\n<\/div>\n\n\t<div id=\"stack-1641456324\" class=\"stack stack-row justify-start items-stretch\">\n\t\t\n\n<a href=\"https:\/\/scancode.ro\/wp-content\/uploads\/2023\/09\/DS-POWERSCAN-PM9600-EN-HR.pdf\" target=\"_blank\" class=\"button secondary is-outline\" rel=\"noopener\" >\n\t\t<span>download brochure<\/span>\n\t<\/a>\n\n\n<a href=\"https:\/\/scancode.ro\/en\/contact\/\" class=\"button secondary is-outline\" >\n\t\t<span>get a quote<\/span>\n\t<\/a>\n\n\n\n\t\t\n<style>\n#stack-1641456324 > * {\n  --stack-gap: 1rem;\n}\n<\/style>\n\t<\/div>\n\t\n\n\t\t<\/div>\n\t<\/div>\n\t\n\n<\/div>\n\n\t\t<\/div>\n\t\t\t\t\t<\/div>\n\n\t\n\n\n<style>\n#row-1336834084 > .col > .col-inner {\n  padding: 10px 10px 10px 10px;\n  background-color: rgba(0, 0, 0, 0.076);\n}\n<\/style>\n<\/div>\n<div class=\"row align-center\"  id=\"row-420680627\">\n\n\n\t<div id=\"col-995507572\" class=\"col medium-10 small-12 large-6\"  >\n\t\t\t\t<div class=\"col-inner\"  >\n\t\t\t\n\t\t\t\n\n<div class=\"row\"  id=\"row-1768155787\">\n\n\n\t<div id=\"col-522665464\" class=\"col medium-8 small-7 large-8\"  >\n\t\t\t\t<div class=\"col-inner text-left\"  >\n\t\t\t\n\t\t\t\n\n<h1>Gryphon 4200 Series<\/h1>\n<p>Ergonomie neegalat\u0103 \u0219i performan\u021b\u0103 remarcabil\u0103 \u00een citire.<\/p>\n\n\t\t<\/div>\n\t\t\t\t\n<style>\n#col-522665464 > .col-inner {\n  margin: 0px 0px -30px 0px;\n}\n<\/style>\n\t<\/div>\n\n\t\n\n\t<div id=\"col-1876725989\" class=\"col medium-4 small-5 large-4\"  >\n\t\t\t\t<div class=\"col-inner\"  >\n\t\t\t\n\t\t\t\n\n\t<div class=\"img has-hover x md-x lg-x y md-y lg-y\" id=\"image_1064730521\">\n\t\t\t\t\t\t\t\t<div class=\"img-inner dark\" >\n\t\t\t<img loading=\"lazy\" decoding=\"async\" width=\"300\" height=\"300\" src=\"https:\/\/scancode.ro\/wp-content\/uploads\/2023\/03\/Gryphon4200Series-300x300.png\" class=\"attachment-medium size-medium\" alt=\"\" srcset=\"https:\/\/scancode.ro\/wp-content\/uploads\/2023\/03\/Gryphon4200Series-300x300.png 300w, https:\/\/scancode.ro\/wp-content\/uploads\/2023\/03\/Gryphon4200Series-150x150.png 150w, https:\/\/scancode.ro\/wp-content\/uploads\/2023\/03\/Gryphon4200Series-600x600.png 600w, https:\/\/scancode.ro\/wp-content\/uploads\/2023\/03\/Gryphon4200Series-100x100.png 100w, https:\/\/scancode.ro\/wp-content\/uploads\/2023\/03\/Gryphon4200Series.png 700w\" sizes=\"auto, (max-width: 300px) 100vw, 300px\" \/>\t\t\t\t\t\t\n\t\t\t\t\t<\/div>\n\t\t\t\t\t\t\t\t\n<style>\n#image_1064730521 {\n  width: 100%;\n}\n<\/style>\n\t<\/div>\n\t\n\n\n\t\t<\/div>\n\t\t\t\t\n<style>\n#col-1876725989 > .col-inner {\n  margin: 0px 0px -30px 0px;\n}\n<\/style>\n\t<\/div>\n\n\t\n\n<\/div>\n<div class=\"accordion\">\n\n\t<div id=\"accordion-2142844844\" class=\"accordion-item\">\n\t\t<a id=\"accordion-2142844844-label\" class=\"accordion-title plain\" href=\"#accordion-item-vezi-detalii\" aria-expanded=\"false\" aria-controls=\"accordion-2142844844-content\">\n\t\t\t<button class=\"toggle\" aria-label=\"Toggle\"><i class=\"icon-angle-down\" aria-hidden=\"true\"><\/i><\/button>\n\t\t\t<span>more details<\/span>\n\t\t<\/a>\n\t\t<div id=\"accordion-2142844844-content\" class=\"accordion-inner\" aria-labelledby=\"accordion-2142844844-label\">\n\t\t\t\n\n<p>Unchallenged ergonomics and outstanding reading performance.\nThe Gryphon I GD4200 readers\u2019 ability to capture bar codes from near to far, to read both high-density and low-resolution codes, to decode hard-to-read, poor or damaged codes and to easily read bar codes from mobile devices make these readers the perfect choice for today\u2019s and tomorrow\u2019s applications in retail and office environments, pharmacies, light industrial, warehouses and manufacturing plants.<\/p>\n<div class=\"video video-fit mb\" style=\"padding-top:56.25%;\"><p><iframe loading=\"lazy\" title=\"Datalogic GRYPHON\u2122 4200 | The leadership continues\" width=\"1020\" height=\"574\" src=\"https:\/\/www.youtube.com\/embed\/OXmTthAxnkY?feature=oembed\" frameborder=\"0\" allow=\"accelerometer; autoplay; clipboard-write; encrypted-media; gyroscope; picture-in-picture; web-share\" allowfullscreen><\/iframe><\/p>\n<\/div>\n\n\t<div id=\"stack-3111960963\" class=\"stack stack-row justify-start items-stretch\">\n\t\t\n\n<a href=\"https:\/\/scancode.ro\/wp-content\/uploads\/2023\/09\/DS-GRYPHON4200SERIES-EN-HR.pdf\" target=\"_blank\" class=\"button secondary is-outline\" rel=\"noopener\" >\n\t\t<span>download brochure<\/span>\n\t<\/a>\n\n\n<a href=\"https:\/\/scancode.ro\/en\/contact\/\" class=\"button secondary is-outline\" >\n\t\t<span>get a quote<\/span>\n\t<\/a>\n\n\n\n\t\t\n<style>\n#stack-3111960963 > * {\n  --stack-gap: 1rem;\n}\n<\/style>\n\t<\/div>\n\t\n\n\t\t<\/div>\n\t<\/div>\n\t\n\n<\/div>\n\n\t\t<\/div>\n\t\t\t\t\t<\/div>\n\n\t\n\n\t<div id=\"col-303827664\" class=\"col medium-10 small-12 large-6\"  >\n\t\t\t\t<div class=\"col-inner\"  >\n\t\t\t\n\t\t\t\n\n<div class=\"row\"  id=\"row-1005215928\">\n\n\n\t<div id=\"col-1668286642\" class=\"col medium-8 small-7 large-8\"  >\n\t\t\t\t<div class=\"col-inner text-left\"  >\n\t\t\t\n\t\t\t\n\n<h1>HandScanner<\/h1>\n<p>Cel mai mic \u0219i u\u0219or scaner hands-free pentru sporirea eficien\u021bei for\u021bei de munc\u0103.<\/p>\n\n\t\t<\/div>\n\t\t\t\t\n<style>\n#col-1668286642 > .col-inner {\n  margin: 0px 0px -30px 0px;\n}\n<\/style>\n\t<\/div>\n\n\t\n\n\t<div id=\"col-476645111\" class=\"col medium-4 small-5 large-4\"  >\n\t\t\t\t<div class=\"col-inner\"  >\n\t\t\t\n\t\t\t\n\n\t<div class=\"img has-hover x md-x lg-x y md-y lg-y\" id=\"image_459634895\">\n\t\t\t\t\t\t\t\t<div class=\"img-inner dark\" >\n\t\t\t<img loading=\"lazy\" decoding=\"async\" width=\"300\" height=\"300\" src=\"https:\/\/scancode.ro\/wp-content\/uploads\/2023\/03\/HandScanner-300x300.png\" class=\"attachment-medium size-medium\" alt=\"\" srcset=\"https:\/\/scancode.ro\/wp-content\/uploads\/2023\/03\/HandScanner-300x300.png 300w, https:\/\/scancode.ro\/wp-content\/uploads\/2023\/03\/HandScanner-150x150.png 150w, https:\/\/scancode.ro\/wp-content\/uploads\/2023\/03\/HandScanner-600x600.png 600w, https:\/\/scancode.ro\/wp-content\/uploads\/2023\/03\/HandScanner-100x100.png 100w, https:\/\/scancode.ro\/wp-content\/uploads\/2023\/03\/HandScanner.png 700w\" sizes=\"auto, (max-width: 300px) 100vw, 300px\" \/>\t\t\t\t\t\t\n\t\t\t\t\t<\/div>\n\t\t\t\t\t\t\t\t\n<style>\n#image_459634895 {\n  width: 100%;\n}\n<\/style>\n\t<\/div>\n\t\n\n\n\t\t<\/div>\n\t\t\t\t\n<style>\n#col-476645111 > .col-inner {\n  margin: 0px 0px -30px 0px;\n}\n<\/style>\n\t<\/div>\n\n\t\n\n<\/div>\n<div class=\"accordion\">\n\n\t<div id=\"accordion-824881000\" class=\"accordion-item\">\n\t\t<a id=\"accordion-824881000-label\" class=\"accordion-title plain\" href=\"#accordion-item-vezi-detalii\" aria-expanded=\"false\" aria-controls=\"accordion-824881000-content\">\n\t\t\t<button class=\"toggle\" aria-label=\"Toggle\"><i class=\"icon-angle-down\" aria-hidden=\"true\"><\/i><\/button>\n\t\t\t<span>more details<\/span>\n\t\t<\/a>\n\t\t<div id=\"accordion-824881000-content\" class=\"accordion-inner\" aria-labelledby=\"accordion-824881000-label\">\n\t\t\t\n\n<p>The HandScanner is the lightest and smallest 2D wearable scanner in the market that allows workers to use both hands to pick faster and expand productivity while reducing repetitive useless motions and errors. The HandScanner can be paired with Datalogic\u2019s mobile computers to provide workers with a full data collection solution suitable for any application.<\/p>\n<p>\u00a0<\/p>\n<p>\u00a0<\/p>\n<p>\u00a0<\/p>\n<p>\u00a0<\/p>\n<p>\u00a0<\/p>\n<p>\u00a0<\/p>\n<p>\u00a0<\/p>\n\t<div id=\"stack-4204264986\" class=\"stack stack-row justify-start items-stretch\">\n\t\t\n\n<a href=\"https:\/\/scancode.ro\/wp-content\/uploads\/2023\/09\/DS-HANDSCANNER-EN-HR.pdf\" target=\"_blank\" class=\"button secondary is-outline\" rel=\"noopener\" >\n\t\t<span>download brochure<\/span>\n\t<\/a>\n\n\n<a href=\"https:\/\/scancode.ro\/en\/contact\/\" class=\"button secondary is-outline\" >\n\t\t<span>get a quote<\/span>\n\t<\/a>\n\n\n\n\t\t\n<style>\n#stack-4204264986 > * {\n  --stack-gap: 1rem;\n}\n<\/style>\n\t<\/div>\n\t\n\n\t\t<\/div>\n\t<\/div>\n\t\n\n<\/div>\n\n\t\t<\/div>\n\t\t\t\t\t<\/div>\n\n\t\n\n\n<style>\n#row-420680627 > .col > .col-inner {\n  padding: 10px 10px 10px 10px;\n  background-color: rgba(0, 0, 0, 0.076);\n}\n<\/style>\n<\/div>","protected":false},"excerpt":{"rendered":"","protected":false},"author":1,"featured_media":0,"parent":0,"menu_order":0,"comment_status":"closed","ping_status":"closed","template":"page-blank.php","meta":{"footnotes":""},"class_list":["post-138","page","type-page","status-publish","hentry"],"_links":{"self":[{"href":"https:\/\/scancode.ro\/en\/wp-json\/wp\/v2\/pages\/138","targetHints":{"allow":["GET"]}}],"collection":[{"href":"https:\/\/scancode.ro\/en\/wp-json\/wp\/v2\/pages"}],"about":[{"href":"https:\/\/scancode.ro\/en\/wp-json\/wp\/v2\/types\/page"}],"author":[{"embeddable":true,"href":"https:\/\/scancode.ro\/en\/wp-json\/wp\/v2\/users\/1"}],"replies":[{"embeddable":true,"href":"https:\/\/scancode.ro\/en\/wp-json\/wp\/v2\/comments?post=138"}],"version-history":[{"count":85,"href":"https:\/\/scancode.ro\/en\/wp-json\/wp\/v2\/pages\/138\/revisions"}],"predecessor-version":[{"id":1119,"href":"https:\/\/scancode.ro\/en\/wp-json\/wp\/v2\/pages\/138\/revisions\/1119"}],"wp:attachment":[{"href":"https:\/\/scancode.ro\/en\/wp-json\/wp\/v2\/media?parent=138"}],"curies":[{"name":"wp","href":"https:\/\/api.w.org\/{rel}","templated":true}]}}